{"id":96226,"date":"2021-07-06T05:40:22","date_gmt":"2021-07-06T05:40:22","guid":{"rendered":"https:\/\/molti-ecommerce.samarj.com\/?post_type=product&#038;p=13092"},"modified":"2026-05-03T06:21:56","modified_gmt":"2026-05-03T06:21:56","slug":"plantare-di-ricambio-per-zoccolo-da-corsia-ed-attivita-generiche","status":"publish","type":"product","link":"https:\/\/fabeshop.it\/ita\/product\/plantare-di-ricambio-per-zoccolo-da-corsia-ed-attivita-generiche\/","title":{"rendered":"Plantare di ricambio per zoccolo da corsia ed attivit\u00e0 generiche"},"content":{"rendered":"<p>Plantare di ricambio per zoccolo da corsia ed attivita generiche. Comodo plantare di ricambio dello zoccolo per corsia ed attivit\u00e0 generiche PodoMed. Il plantare di ricambio per lo zoccolo da corsia ed attivit\u00e0 generiche PodoMed \u00e8 lavabile a 60\u00b0C.<\/p>\n","protected":false},"excerpt":{"rendered":"<p>Plantare di ricambio per zoccolo da corsia ed attivit\u00e0 generiche<\/p>\n","protected":false},"featured_media":100592,"template":"","meta":{"_et_pb_use_builder":"","_et_pb_old_content":"","_et_gb_content_width":""},"product_brand":[56],"product_cat":[28,43],"product_tag":[],"class_list":{"0":"post-96226","1":"product","2":"type-product","3":"status-publish","4":"has-post-thumbnail","6":"product_brand-podomed","7":"product_cat-linea-piedi","8":"product_cat-zoccoli-podomed-ricambi","10":"first","11":"instock","12":"sale","13":"featured","14":"taxable","15":"shipping-taxable","16":"purchasable","17":"product-type-variable"},"_links":{"self":[{"href":"https:\/\/fabeshop.it\/ita\/wp-json\/wp\/v2\/product\/96226","targetHints":{"allow":["GET"]}}],"collection":[{"href":"https:\/\/fabeshop.it\/ita\/wp-json\/wp\/v2\/product"}],"about":[{"href":"https:\/\/fabeshop.it\/ita\/wp-json\/wp\/v2\/types\/product"}],"wp:featuredmedia":[{"embeddable":true,"href":"https:\/\/fabeshop.it\/ita\/wp-json\/wp\/v2\/media\/100592"}],"wp:attachment":[{"href":"https:\/\/fabeshop.it\/ita\/wp-json\/wp\/v2\/media?parent=96226"}],"wp:term":[{"taxonomy":"product_brand","embeddable":true,"href":"https:\/\/fabeshop.it\/ita\/wp-json\/wp\/v2\/product_brand?post=96226"},{"taxonomy":"product_cat","embeddable":true,"href":"https:\/\/fabeshop.it\/ita\/wp-json\/wp\/v2\/product_cat?post=96226"},{"taxonomy":"product_tag","embeddable":true,"href":"https:\/\/fabeshop.it\/ita\/wp-json\/wp\/v2\/product_tag?post=96226"}],"curies":[{"name":"wp","href":"https:\/\/api.w.org\/{rel}","templated":true}]}}