{"id":100241,"date":"2025-09-01T15:39:42","date_gmt":"2025-09-01T15:39:42","guid":{"rendered":"https:\/\/fabeshop.it\/ita\/?post_type=product&#038;p=100241"},"modified":"2025-09-09T10:06:19","modified_gmt":"2025-09-09T10:06:19","slug":"tallonetta-podomed","status":"publish","type":"product","link":"https:\/\/fabeshop.it\/ita\/product\/tallonetta-podomed\/","title":{"rendered":"Tallonetta PodoMed"},"content":{"rendered":"<p>La tallonetta PodoMed realizzata con miscele di materiali elastici attutisce l&#8217;impatto al suolo e conferisce maggiore energia al movimento. La tallonetta PodoMed \u00e8 adatta a tutte le calzature tradizionali , da lavoro e sportive. La parte superiore \u00e8 realizzata in cotone antibatterico e anti-odore e la parte sottostante \u00e8 composta da piolini in lattice che esercitano un massaggio energetico su tutta la zona plantare. La tallonetta PodoMed serve a prevenire le talloniti ed a spostare il proprio peso verso il mesopiede quando il tacco della calzatura risulta essere troppo basso. La tallonetta \u00e8 lavabile a 60\/70\u00b0C.<\/p>\n","protected":false},"excerpt":{"rendered":"<p>Tallonetta PodoMed realizzata con miscele di materiali elastici in grado di attutire l&#8217;impatto al suolo e conferire maggiore energia al movimento; \u00e8 adatta a tutte le calzature tradizionali , da lavoro e sportive.<br \/>\nLa tallonetta \u00e8 lavabile a 60\/70\u00b0C.<\/p>\n","protected":false},"featured_media":100245,"template":"","meta":{"_et_pb_use_builder":"","_et_pb_old_content":"","_et_gb_content_width":""},"product_brand":[56],"product_cat":[28,40],"product_tag":[],"class_list":{"0":"post-100241","1":"product","2":"type-product","3":"status-publish","4":"has-post-thumbnail","6":"product_brand-podomed","7":"product_cat-linea-piedi","8":"product_cat-plantari-podomed","10":"first","11":"instock","12":"taxable","13":"shipping-taxable","14":"purchasable","15":"product-type-variable"},"_links":{"self":[{"href":"https:\/\/fabeshop.it\/ita\/wp-json\/wp\/v2\/product\/100241","targetHints":{"allow":["GET"]}}],"collection":[{"href":"https:\/\/fabeshop.it\/ita\/wp-json\/wp\/v2\/product"}],"about":[{"href":"https:\/\/fabeshop.it\/ita\/wp-json\/wp\/v2\/types\/product"}],"wp:featuredmedia":[{"embeddable":true,"href":"https:\/\/fabeshop.it\/ita\/wp-json\/wp\/v2\/media\/100245"}],"wp:attachment":[{"href":"https:\/\/fabeshop.it\/ita\/wp-json\/wp\/v2\/media?parent=100241"}],"wp:term":[{"taxonomy":"product_brand","embeddable":true,"href":"https:\/\/fabeshop.it\/ita\/wp-json\/wp\/v2\/product_brand?post=100241"},{"taxonomy":"product_cat","embeddable":true,"href":"https:\/\/fabeshop.it\/ita\/wp-json\/wp\/v2\/product_cat?post=100241"},{"taxonomy":"product_tag","embeddable":true,"href":"https:\/\/fabeshop.it\/ita\/wp-json\/wp\/v2\/product_tag?post=100241"}],"curies":[{"name":"wp","href":"https:\/\/api.w.org\/{rel}","templated":true}]}}