{"id":100235,"date":"2025-09-01T15:33:34","date_gmt":"2025-09-01T15:33:34","guid":{"rendered":"https:\/\/fabeshop.it\/ita\/?post_type=product&#038;p=100235"},"modified":"2025-09-09T10:09:50","modified_gmt":"2025-09-09T10:09:50","slug":"saluspetag-teli-in-spugna-in-microfibra-fastdryerag-anallergici-e-antibatterici","status":"publish","type":"product","link":"https:\/\/fabeshop.it\/ita\/product\/saluspetag-teli-in-spugna-in-microfibra-fastdryerag-anallergici-e-antibatterici\/","title":{"rendered":"SalusPetAg &#8211; Teli in spugna in microfibra FastDryerAg anallergici e antibatterici"},"content":{"rendered":"<p>SOFFICI TELI SPUGNA in esclusiva microfibra realizzata con speciali filati ad ALTA ASSORBENZA e RAPIDA ASCIUGATURA con propriet\u00e0 ANALLERGICHE ed ANTI-BATTERICHE<br \/>\nDisponibile in 3 misure per adeguarsi al meglio alla taglia del tuo fedele compagno.<br \/>\nTELO SPUGNA misura M (cm. 37 x 47)<br \/>\nTELO SPUGNA misura L (cm. 50 x 70)<br \/>\nTELO SPUGNA misura XL (cm. 55 x 85)<\/p>\n<p>PROPRIETA\u2019 IDROFILICHE (assorbimento dell\u2019acqua)<br \/>\nGrazie all\u2019alto potere idrofilico ed all\u2019estrema sofficit\u00e0 e leggerezza della microfibra FASTdryerAg, questi TELI in SPUGNA assorbono e trattengono rapidamente e in grande quantit\u00e0, l\u2019acqua presente sul pelo e nel mantello degli animali, dimezzando i tempi di asciugatura.<br \/>\nQuesto panno asciuga velocemente gli animali in qualsiasi situazione di bagnato, come (ad esempio) al rientro da una passeggiata sotto la pioggia.<br \/>\nE&#8217; anche possibile pulire in nostro amico da polvere o sporcizia, utilizzando il TELO SPUGNA solo \u2019\u2019inumidito\u2019\u2019 con normale acqua.<\/p>\n<p>PROPRIETA\u2019 EVAPORATIVE (velocit\u00e0 di asciugatura)<br \/>\nI TELI SPUGNA in FASTdryerAg, grazie alla veloce evaporazione, quando utilizzati, si asciugano facilmente ed in breve tempo.<br \/>\nQuesti articoli sono di facile manutenzione perch\u00e9 si lavano facilmente (sia a mano che in lavatrice) anche a bassa temperatura (40\u00b0) e non richiedono la successiva stiratura.<br \/>\nInoltre la spugna conserva la propria soffice delicatezza sulla pelle senza l\u2019utilizzo di ammorbidenti (e candeggianti) e se centrifugata, la spugna esce pronta per il riutilizzo.<\/p>\n<p>PROPRIETA\u2019 BATTERICIDE (contrasto agenti patogeni)<br \/>\nNel FASTdryerAg \u00e8 presente un\u2019additivo battericida a base di ARGENTO che inibisce la proliferazione degli agenti patogeni (come muffe, germi, spore fungine, ecc.) durante il trattamento di asciugatura del mantello.<br \/>\nL\u2019Argento \u00e8 attivo anche sulla carica batterica della pelle (che \u00e8 la causa dei cattivi odori), nonch\u00e9 impedisce reazioni allergiche o irritazioni cutanee.<br \/>\nL\u2019attivit\u00e0 battericida mantiene pelle e mantello sano, con un corretto equilibrio biologico<br \/>\ndell\u2019epidermide.<\/p>\n","protected":false},"excerpt":{"rendered":"<p>SOFFICI TELI SPUGNA in esclusiva microfibra realizzata con speciali filati ad ALTA ASSORBENZA e RAPIDA ASCIUGATURA con propriet\u00e0 ANALLERGICHE ed ANTI-BATTERICHE<\/p>\n<p>Disponibile in 3 misure per adeguarsi al meglio alla taglia del tuo fedele compagno.<\/p>\n<p>TELO SPUGNA misura M (cm. 37 x 47)<br \/>\nTELO SPUGNA misura L (cm. 50 x 70)<br \/>\nTELO SPUGNA misura XL (cm. 55 x 85)<\/p>\n","protected":false},"featured_media":100240,"template":"","meta":{"_et_pb_use_builder":"","_et_pb_old_content":"","_et_gb_content_width":""},"product_brand":[111],"product_cat":[48],"product_tag":[],"class_list":{"0":"post-100235","1":"product","2":"type-product","3":"status-publish","4":"has-post-thumbnail","6":"product_brand-salupetag","7":"product_cat-amici-animali","9":"first","10":"instock","11":"taxable","12":"shipping-taxable","13":"purchasable","14":"product-type-variable"},"_links":{"self":[{"href":"https:\/\/fabeshop.it\/ita\/wp-json\/wp\/v2\/product\/100235","targetHints":{"allow":["GET"]}}],"collection":[{"href":"https:\/\/fabeshop.it\/ita\/wp-json\/wp\/v2\/product"}],"about":[{"href":"https:\/\/fabeshop.it\/ita\/wp-json\/wp\/v2\/types\/product"}],"wp:featuredmedia":[{"embeddable":true,"href":"https:\/\/fabeshop.it\/ita\/wp-json\/wp\/v2\/media\/100240"}],"wp:attachment":[{"href":"https:\/\/fabeshop.it\/ita\/wp-json\/wp\/v2\/media?parent=100235"}],"wp:term":[{"taxonomy":"product_brand","embeddable":true,"href":"https:\/\/fabeshop.it\/ita\/wp-json\/wp\/v2\/product_brand?post=100235"},{"taxonomy":"product_cat","embeddable":true,"href":"https:\/\/fabeshop.it\/ita\/wp-json\/wp\/v2\/product_cat?post=100235"},{"taxonomy":"product_tag","embeddable":true,"href":"https:\/\/fabeshop.it\/ita\/wp-json\/wp\/v2\/product_tag?post=100235"}],"curies":[{"name":"wp","href":"https:\/\/api.w.org\/{rel}","templated":true}]}}