{"id":100229,"date":"2025-09-01T15:21:32","date_gmt":"2025-09-01T15:21:32","guid":{"rendered":"https:\/\/fabeshop.it\/ita\/?post_type=product&#038;p=100229"},"modified":"2025-09-08T15:39:03","modified_gmt":"2025-09-08T15:39:03","slug":"saluspetag-guanto-bifasico-per-pulizia-e-igiene-di-pelo-e-pelle-con-fibra-dargentoo","status":"publish","type":"product","link":"https:\/\/fabeshop.it\/ita\/product\/saluspetag-guanto-bifasico-per-pulizia-e-igiene-di-pelo-e-pelle-con-fibra-dargentoo\/","title":{"rendered":"SalusPetAg &#8211; Guanto Bifasico per pulizia e igiene di pelo e pelle con fibra d&#8217;argento"},"content":{"rendered":"<p>SalusPet, un guanto bi-fasico riutilizzabile per la pulizia antibatterica dei piccoli e grandi amici a 4 zampe (cani, gatti, cavalli&#8230;).<br \/>\nQuesto sistema brevettato, trasforma il concetto di igiene perch\u00e9 considera la pulizia non solo \u201csemplice\u201d rimozione dello sporco, ma anche disinfezione degli animali con contemporanea prevenzione igienica  dell\u2019ambiente domestico.<\/p>\n<p>Poich\u00e9 una eccessiva frequenza di lavaggi danneggia lo strato di LIPIDI presenti sulla cute, le periodiche TOELETTATURE non andrebbero fatte spesso, ma (a volte) possono essere NECESSARIE per il bene del nostro naso! Utilizzando questi prodotti BATTERICIDI si risolve il problema degli odori sgradevoli senza danneggiare la SALUTE dei nostri AMICI a 4 ZAMPE.<br \/>\nSe nell\u2019uomo la VISTA \u00e8 il senso pi\u00f9 sviluppato, per gli animali \u00e8 l\u2019OLFATTO con il quale esplorano il mondo che li circonda, e sono sempre gli ODORI (non la vista o il gusto) che permettono a loro di riconoscere il CIBO. Per non interferire con le funzionalit\u00e0 OLFATTIVE degli animali, questi articoli BATTERICIDI non utilizzano profumi per coprire gli odori, ma ne eliminano la causa.<\/p>\n<p>Le propriet\u00e0 BATTERICIDE degli IONI ARGENTO non derivano da TRATTAMENTI applicati sul tessuto ma dalla presenza di FILATI RICOPERTI di PURO ARGENTO che rimuovono per un prolungato utilizzo e con la massima efficacia, la quasi totalit\u00e0 (99,75%) degli agenti patogeni (germi, batteri, ecc.) ed altri microrganismi presenti nel SEBO cutaneo e nel mantello.<br \/>\nLava senza Shampoo n\u00e9 schiuma o risciacqui ed igienizza senza prodotti disinfettanti.<br \/>\nRealizzato con filati Argento ad azione antibatterica*<br \/>\nECOSOSTENIBILE perch\u00e9 RIUTILIZZABILE per oltre 350 trattamenti DETERGENTI ed altrettanti ANTIBATTERICI, con un COSTO di pochi centesimi ad operazione!<br \/>\nLato DETERGENTE (verde) in spugna SilverClean (80% PL &#8211; EVO TEX silver ions &#8211; e 20% PU)  e Lato ANTIBATTERICO (grigio) in multifibra SilverCare (70% PL &#8211; EVO TEX &#8211; 24% PU e 6% Fibra Argento\/Carbonio)<\/p>\n<p>100% Made in Italy<\/p>\n<p>Brevetto Depositato n. 202021000000662<\/p>\n","protected":false},"excerpt":{"rendered":"<p>SalusPet, un guanto bi-fasico riutilizzabile per la pulizia antibatterica dei piccoli e grandi amici a 4 zampe (cani, gatti,&#8230;).<\/p>\n<p>Lava senza Shampoo n\u00e9 schiuma o risciacqui<br \/>\nIgienizza senza prodotti disinfettanti<br \/>\nRealizzato con filati Argento ad azione antibatterica*<br \/>\nECOSOSTENIBILE perch\u00e9 RIUTILIZZABILE per oltre 350 trattamenti DETERGENTI ed altrettanti ANTIBATTERICI, con un COSTO di pochi centesimi ad operazione!<\/p>\n<p>* l&#8217;attivit\u00e0 antibatterica dei tessuti realizzati con filati in argento \u00e8 certificata dalla normativa internazionale UNI EN ISO 20645<\/p>\n<p>100% Made in Italy<\/p>\n<p>Brevetto Depositato n. 202021000000662<\/p>\n","protected":false},"featured_media":100230,"template":"","meta":{"_et_pb_use_builder":"","_et_pb_old_content":"","_et_gb_content_width":""},"product_brand":[111],"product_cat":[48],"product_tag":[],"class_list":{"0":"post-100229","1":"product","2":"type-product","3":"status-publish","4":"has-post-thumbnail","6":"product_brand-salupetag","7":"product_cat-amici-animali","9":"first","10":"instock","11":"sale","12":"featured","13":"taxable","14":"shipping-taxable","15":"purchasable","16":"product-type-simple"},"_links":{"self":[{"href":"https:\/\/fabeshop.it\/ita\/wp-json\/wp\/v2\/product\/100229","targetHints":{"allow":["GET"]}}],"collection":[{"href":"https:\/\/fabeshop.it\/ita\/wp-json\/wp\/v2\/product"}],"about":[{"href":"https:\/\/fabeshop.it\/ita\/wp-json\/wp\/v2\/types\/product"}],"wp:featuredmedia":[{"embeddable":true,"href":"https:\/\/fabeshop.it\/ita\/wp-json\/wp\/v2\/media\/100230"}],"wp:attachment":[{"href":"https:\/\/fabeshop.it\/ita\/wp-json\/wp\/v2\/media?parent=100229"}],"wp:term":[{"taxonomy":"product_brand","embeddable":true,"href":"https:\/\/fabeshop.it\/ita\/wp-json\/wp\/v2\/product_brand?post=100229"},{"taxonomy":"product_cat","embeddable":true,"href":"https:\/\/fabeshop.it\/ita\/wp-json\/wp\/v2\/product_cat?post=100229"},{"taxonomy":"product_tag","embeddable":true,"href":"https:\/\/fabeshop.it\/ita\/wp-json\/wp\/v2\/product_tag?post=100229"}],"curies":[{"name":"wp","href":"https:\/\/api.w.org\/{rel}","templated":true}]}}