{"id":100224,"date":"2025-09-01T14:49:25","date_gmt":"2025-09-01T14:49:25","guid":{"rendered":"https:\/\/fabeshop.it\/ita\/?post_type=product&#038;p=100224"},"modified":"2025-09-09T10:08:37","modified_gmt":"2025-09-09T10:08:37","slug":"make-up-clean-large-manopola-doppia-faccia-per-lidrocosmesi-della-pelle","status":"publish","type":"product","link":"https:\/\/fabeshop.it\/ita\/product\/make-up-clean-large-manopola-doppia-faccia-per-lidrocosmesi-della-pelle\/","title":{"rendered":"Make-up clean LARGE \u2013 Manopola doppia faccia per l\u2019idrocosmesi della pelle"},"content":{"rendered":"<p>MAKE-UP CLEAN : Il sistema detergente brevettato NATURALE e DERMO-PROTETTIVO per la rimozione del make-up SOLO CON ACQUA con la simultanea azione DERMO PROTETTIVA e per il successivo trattamento PURIFICANTE ed ESFOLIANTE!<\/p>\n<p>Il concetto di pulizia della pelle \u00e8 molto di pi\u00f9 della \u201csemplice\u201d eliminazione del trucco e\/o dello sporco:<br \/>\n\u2013 DETERGERE accuratamente il viso, significa prendersi cura di se stessi e mantenere la pelle sana;<br \/>\n\u2013 PURIFICARE la pelle, significa prevenire il deposito di batteri ed altre impurit\u00e0 sulla pelle, stimolare la rigenerazione cutanea, rimuovendo irritazioni cutanee, cellule morte, punti neri, ecc..<\/p>\n<p>MAKE-UP CLEAN ti permette di fare tutto questo e molto di pi\u00f9!<\/p>\n<p>Modalit\u00e0 d\u2019uso della 1^ manopola \u2013 DETERGENTE:<br \/>\nInumidire con acqua corrente il makeupclean e frizionare delicatamente la pelle con entrambi i lati della manopola: quello pi\u00f9 SPESSO per il primo passaggio di pulizia della pelle, quello pi\u00f9 SOTTILE per la successiva operazione di rifinitura. Grazie agli IONI AG+ presenti nel tessuto, per AUTOIGIENIZZARE ed eliminare dalla manopola i residui della pulizia, \u00e8 sufficiente lavarla a mano con sapone neutro e acqua tiepida.<\/p>\n<p>COMPOSIZIONE: 100% PL micro EVO-TEX (con agente batteriostatico IONI AG+)<\/p>\n<p>Modalit\u00e0 d uso della 2^ manopola \u2014 PURIFICANTE\/RIGENERANTE<br \/>\nPer un ottimale trattamento antibatterico ed antiinfiammatorio inumidire la manopola e frizionare dolcemente il viso. La presenza degli IONI AG+ nella FIBRA ARGENTO e dell acido SUCCINICO nel filato d&#8217;AMBRA, render\u00e0 questo semplice gesto quotidiano un utile ed efficace aiuto nella personale protezione della pelle. L&#8217;AMBRA a contatto con la pelle secerne piccolissime quantit\u00e0 di acido SUCCINICO, che agisce come biostimolante. L&#8217;AMBRA e l&#8217;ARGENTO hanno propriet\u00e0 antiinfiammatorie e  purificanti, nonch\u00e8 stimolanti dei processi di rigenerazione cellulare, per un visibile ringiovanimento della pelle.<\/p>\n<p>COMPOSIZIONE AMBERLIFE 78% POLIPROPILENE EVO-TEX \u2013 12% ELASTOMERO PA \u2013 6% Fibra Argento \u2013 4% Fibra Ambra<\/p>\n<p>COMPOSIZIONE SILVERLIFE tess.esterno 92% PL EVO-TEX \u2013 8% Fibra Argento \u2013 tess. interno 100% PL<\/p>\n<p>IMPORTANTE: I tessuti utilizzati sono esenti da sostanze tossiche e l&#8217;argento \u00e8 nickel free. Il prodotto \u00e8 a basso impatto ambientale, perch\u00e8 riutilizzabile. Il sistema \u00e8 pratico in viaggio, ma indispensabile negli spostamenti aerei. Innovativo Sistema MakeUpClean: coppia di manopole per la pulizia ed il benessere della pelle.<\/p>\n<p>Manopola struccante Autoigienizzante in FAST DRYER micro spugna AG+<br \/>\n1 \u2013 Manopola struccante: Velocizza e semplifica la rimozione del Makeup. Pulisce immediatamente la pelle senza detergenti. Deterge delicatamente, senza effetti tossicologici.<br \/>\n2 \u2013 Manopola Purificante: Depura la pelle migliorandone aspetto e tonicit\u00e0. Migliora l&#8217;ossigenazione e la rigenerazione cellulare. Rimuove le impurit\u00e0 e previene le irritazioni cutanee. Prepara l&#8217;epidermide a successivi trattamenti cosmetici. Manopola Dermoprotettiva esfoliante in SILVER LIFE fibra ARGENTO<br \/>\n(ANTIBETTERICA\/ANTISTATICA)<\/p>\n<p>Misura LARGE : 1 guanto doppia faccia<\/p>\n","protected":false},"excerpt":{"rendered":"<p>MAKE-UP CLEAN : Il sistema detergente brevettato NATURALE e DERMO-PROTETTIVO per la rimozione del make-up SOLO CON ACQUA con la simultanea azione DERMO PROTETTIVA e per il successivo trattamento PURIFICANTE ed ESFOLIANTE!<\/p>\n<p>&#8211; Misura LARGE : 1 guanto doppia faccia<\/p>\n<p>MAKE-UP CLEAN ti permette di fare tutto questo e molto di pi\u00f9!<\/p>\n<p>DISPONIBILI anche 3 ulteriori modelli per tutte le esigenze!<\/p>\n<p>\u2013 TECNO : manopola struccante singola.<br \/>\n\u2013 SMART : manopola struccante multipla composta da 4 diversi lati.<br \/>\n\u2013 EXCLUSIVE : coppia manopole struccanti.<\/p>\n","protected":false},"featured_media":100227,"template":"","meta":{"_et_pb_use_builder":"","_et_pb_old_content":"","_et_gb_content_width":""},"product_brand":[58],"product_cat":[46,25],"product_tag":[],"class_list":{"0":"post-100224","1":"product","2":"type-product","3":"status-publish","4":"has-post-thumbnail","6":"product_brand-beautyxan","7":"product_cat-make-up","8":"product_cat-viso-e-corpo","10":"first","11":"instock","12":"sale","13":"taxable","14":"shipping-taxable","15":"purchasable","16":"product-type-simple"},"_links":{"self":[{"href":"https:\/\/fabeshop.it\/ita\/wp-json\/wp\/v2\/product\/100224","targetHints":{"allow":["GET"]}}],"collection":[{"href":"https:\/\/fabeshop.it\/ita\/wp-json\/wp\/v2\/product"}],"about":[{"href":"https:\/\/fabeshop.it\/ita\/wp-json\/wp\/v2\/types\/product"}],"wp:featuredmedia":[{"embeddable":true,"href":"https:\/\/fabeshop.it\/ita\/wp-json\/wp\/v2\/media\/100227"}],"wp:attachment":[{"href":"https:\/\/fabeshop.it\/ita\/wp-json\/wp\/v2\/media?parent=100224"}],"wp:term":[{"taxonomy":"product_brand","embeddable":true,"href":"https:\/\/fabeshop.it\/ita\/wp-json\/wp\/v2\/product_brand?post=100224"},{"taxonomy":"product_cat","embeddable":true,"href":"https:\/\/fabeshop.it\/ita\/wp-json\/wp\/v2\/product_cat?post=100224"},{"taxonomy":"product_tag","embeddable":true,"href":"https:\/\/fabeshop.it\/ita\/wp-json\/wp\/v2\/product_tag?post=100224"}],"curies":[{"name":"wp","href":"https:\/\/api.w.org\/{rel}","templated":true}]}}