{"id":100196,"date":"2025-09-01T10:08:54","date_gmt":"2025-09-01T10:08:54","guid":{"rendered":"https:\/\/fabeshop.it\/ita\/?post_type=product&#038;p=100196"},"modified":"2026-04-17T10:08:01","modified_gmt":"2026-04-17T10:08:01","slug":"plantare-walking-podomed-per-calzature-tradizionali-e-da-lavoro","status":"publish","type":"product","link":"https:\/\/fabeshop.it\/ita\/product\/plantare-walking-podomed-per-calzature-tradizionali-e-da-lavoro\/","title":{"rendered":"Plantare Walking PodoMed, per calzature tradizionali e da lavoro"},"content":{"rendered":"<p>Plantare Walking PodoMed, adatto per le calzature tradizionali e da lavoro. Con supporto arco plantare e piolini bassi, riduce l&#8217;affaticamento degli arti inferiori. Consigliato per la comodit\u00e0 di tutti i giorni. Il plantare Walking \u00e8 adatto a tutte le calzature tradizionali sia da lavoro che per il tempo libero. La parte superiore \u00e8 realizzata in cotone antibatterico e anti-odore e la parte sottostante \u00e8 composta da piolini in lattice che esercitano un massaggio energetico su tutta la zona plantare. Il plantare Walking grazie alla sua struttura con piolini di sostegno a zone differenziate permette un corretto appoggio del piede ed una riduzione dell&#8217;affaticamento degli arti inferiori. Studi tecnici hanno dimostrato che l&#8217;uso costante dei plantari PodoMed favorisce un miglioramento della postura, un aumento della microcircolazione sanguigna, ammortizzazione dell&#8217;impatto che avviene tra piede e terreno ad ogni passo ed un corretto allineamento della colonna vertebrale rispetto a: ginocchia, anche e spalle. Il plantare Walking \u00e8  lavabile a 60-70\u00b0C.<\/p>\n","protected":false},"excerpt":{"rendered":"<p>Plantare Walking PodoMed, adatto per le calzature tradizionali e da lavoro<\/p>\n<p>E&#8217; un DISPOSITIVO MEDICO detraibile : ricorda di comunicare il tuo Codice Fiscale per beneficiare dell&#8217;agevolazione!<\/p>\n","protected":false},"featured_media":100195,"template":"","meta":{"_et_pb_use_builder":"","_et_pb_old_content":"","_et_gb_content_width":""},"product_brand":[56],"product_cat":[28,40],"product_tag":[],"class_list":{"0":"post-100196","1":"product","2":"type-product","3":"status-publish","4":"has-post-thumbnail","6":"product_brand-podomed","7":"product_cat-linea-piedi","8":"product_cat-plantari-podomed","10":"first","11":"instock","12":"sale","13":"taxable","14":"shipping-taxable","15":"purchasable","16":"product-type-variable"},"_links":{"self":[{"href":"https:\/\/fabeshop.it\/ita\/wp-json\/wp\/v2\/product\/100196","targetHints":{"allow":["GET"]}}],"collection":[{"href":"https:\/\/fabeshop.it\/ita\/wp-json\/wp\/v2\/product"}],"about":[{"href":"https:\/\/fabeshop.it\/ita\/wp-json\/wp\/v2\/types\/product"}],"wp:featuredmedia":[{"embeddable":true,"href":"https:\/\/fabeshop.it\/ita\/wp-json\/wp\/v2\/media\/100195"}],"wp:attachment":[{"href":"https:\/\/fabeshop.it\/ita\/wp-json\/wp\/v2\/media?parent=100196"}],"wp:term":[{"taxonomy":"product_brand","embeddable":true,"href":"https:\/\/fabeshop.it\/ita\/wp-json\/wp\/v2\/product_brand?post=100196"},{"taxonomy":"product_cat","embeddable":true,"href":"https:\/\/fabeshop.it\/ita\/wp-json\/wp\/v2\/product_cat?post=100196"},{"taxonomy":"product_tag","embeddable":true,"href":"https:\/\/fabeshop.it\/ita\/wp-json\/wp\/v2\/product_tag?post=100196"}],"curies":[{"name":"wp","href":"https:\/\/api.w.org\/{rel}","templated":true}]}}