{"id":100181,"date":"2025-09-01T10:03:07","date_gmt":"2025-09-01T10:03:07","guid":{"rendered":"https:\/\/fabeshop.it\/ita\/?post_type=product&#038;p=100181"},"modified":"2026-04-20T08:54:23","modified_gmt":"2026-04-20T08:54:23","slug":"plantare-sport-podomed-adatto-per-calzature-sportive","status":"publish","type":"product","link":"https:\/\/fabeshop.it\/ita\/product\/plantare-sport-podomed-adatto-per-calzature-sportive\/","title":{"rendered":"Plantare Sport PodoMed, adatto per calzature sportive"},"content":{"rendered":"<p>Plantare Sport PodoMed, adatto per le calzature sportive. Con supporto arco plantare e piolini alti ammortizza l&#8217;impatto al suolo. Consigliato per chi esercita attivit\u00e0 sportive su terreni rigidi. Il plantare Sport \u00e8 adatto alle calzature sportive. La parte superiore \u00e8 realizzata in cotone antibatterico e anti-odore e la parte sottostante \u00e8 composta da piolini in lattice che esercitano un massaggio energetico su tutta la zona plantare. Il plantare Sport grazie alla sua struttura con supporto arco plantare piolini alti consente di ammortizzare l&#8217;impatto al suolo. Il plantare sportivo PodoMed \u00e8 consigliato per chi esercita attivit\u00e0 sportiva su terreni rigidi. Studi tecnici hanno dimostrato che l&#8217;uso costante dei plantari PodoMed favorisce un miglioramento della postura, un aumento della microcircolazione sanguigna, ammortizzazione del l&#8217;impatto che avviene tra piede e terreno ad ogni passo ed un corretto allineamento della colonna vertebrale rispetto a: ginocchia, anche e spalle. Il plantare Sport \u00e8 lavabile a 60-70\u00b0C. Plantari assolutamente innovativi, di concezione moderna, sintesi delle nuove tendenze di molti cultori della materia sia italiana che stranieri. La struttura si compone di una suola d&#8217;appoggio sotto la quale sono collocati piolini di sostegno ad altezze e spessori differenziati. Piede e plantare entrano in simbiosi tra loro: migliorano il sistema posturale; viene facilitata la ricerca del baricentro funzionale in ogni fase del passo grazie a micrometrici adattamenti tridimensionali al suolo; riduce la fatica e lo stress a livello delle articolazioni soprasegmentarie; il massaggio esercitato stimola la vascolarizzazione migliorandone la circolazione sanguigna. Esami barometrici computerizzati, eseguiti con e senza supporto podologico, hanno dimostrato che la presenza del PODOMED:<\/p>\n<ul>\n<li>aumenta l&#8217;appoggio al suolo;<\/li>\n<li>il peso corporeo \u00e8 distribuito in maniera pi\u00f9 razionale su un numero maggiore di cm quadrati di appoggio;<\/li>\n<li>il baricentro posturale rientra nella norma fisiologica<\/li>\n<\/ul>\n<p>E&#8217; la riduzione o meglio ancora, la scomparsa delle sofferenze ai piedi, che assicurano benessere a tutto il corpo<\/p>\n","protected":false},"excerpt":{"rendered":"<p>Plantare Sport PodoMed, adatto per le calzature sportive<\/p>\n<p>E&#8217; un DISPOSITIVO MEDICO detraibile : ricorda di comunicare il tuo Codice Fiscale per beneficiare dell&#8217;agevolazione!<\/p>\n","protected":false},"featured_media":100195,"template":"","meta":{"_et_pb_use_builder":"","_et_pb_old_content":"","_et_gb_content_width":""},"product_brand":[56],"product_cat":[28,40],"product_tag":[],"class_list":{"0":"post-100181","1":"product","2":"type-product","3":"status-publish","4":"has-post-thumbnail","6":"product_brand-podomed","7":"product_cat-linea-piedi","8":"product_cat-plantari-podomed","10":"first","11":"instock","12":"sale","13":"taxable","14":"shipping-taxable","15":"purchasable","16":"product-type-variable"},"_links":{"self":[{"href":"https:\/\/fabeshop.it\/ita\/wp-json\/wp\/v2\/product\/100181","targetHints":{"allow":["GET"]}}],"collection":[{"href":"https:\/\/fabeshop.it\/ita\/wp-json\/wp\/v2\/product"}],"about":[{"href":"https:\/\/fabeshop.it\/ita\/wp-json\/wp\/v2\/types\/product"}],"wp:featuredmedia":[{"embeddable":true,"href":"https:\/\/fabeshop.it\/ita\/wp-json\/wp\/v2\/media\/100195"}],"wp:attachment":[{"href":"https:\/\/fabeshop.it\/ita\/wp-json\/wp\/v2\/media?parent=100181"}],"wp:term":[{"taxonomy":"product_brand","embeddable":true,"href":"https:\/\/fabeshop.it\/ita\/wp-json\/wp\/v2\/product_brand?post=100181"},{"taxonomy":"product_cat","embeddable":true,"href":"https:\/\/fabeshop.it\/ita\/wp-json\/wp\/v2\/product_cat?post=100181"},{"taxonomy":"product_tag","embeddable":true,"href":"https:\/\/fabeshop.it\/ita\/wp-json\/wp\/v2\/product_tag?post=100181"}],"curies":[{"name":"wp","href":"https:\/\/api.w.org\/{rel}","templated":true}]}}