{"id":100752,"date":"2025-09-07T21:39:19","date_gmt":"2025-09-07T21:39:19","guid":{"rendered":"https:\/\/fabeshop.it\/ita\/?page_id=100752"},"modified":"2026-05-02T16:55:23","modified_gmt":"2026-05-02T16:55:23","slug":"dichiarazione-di-accessibilita","status":"publish","type":"page","link":"https:\/\/fabeshop.it\/ita\/dichiarazione-di-accessibilita\/","title":{"rendered":"Dichiarazione di accessibilit\u00e0"},"content":{"rendered":"<p>[et_pb_section fb_built=&#8221;1&#8243; custom_padding_last_edited=&#8221;on|phone&#8221; _builder_version=&#8221;4.27.4&#8243; _module_preset=&#8221;default&#8221; use_background_color_gradient=&#8221;on&#8221; background_color_gradient_direction=&#8221;150deg&#8221; background_color_gradient_stops=&#8221;#122657 0%|#4e99e5 100%&#8221; background_color_gradient_start=&#8221;#ff8057&#8243; background_color_gradient_end=&#8221;#ff5c26&#8243; background_enable_mask_style=&#8221;on&#8221; background_mask_style=&#8221;bean&#8221; background_mask_color=&#8221;#4E99E5&#8243; background_mask_transform=&#8221;invert|flip_vertical&#8221; background_mask_size=&#8221;cover&#8221; custom_padding=&#8221;60px||30px||false|false&#8221; custom_padding_tablet=&#8221;&#8221; custom_padding_phone=&#8221;20px||0px||false|false&#8221; custom_css_main_element=&#8221;overflow:hidden;&#8221; box_shadow_style=&#8221;preset3&#8243; global_colors_info=&#8221;{}&#8221;][et_pb_row column_structure=&#8221;1_2,1_2&#8243; make_equal=&#8221;on&#8221; _builder_version=&#8221;4.27.4&#8243; _module_preset=&#8221;default&#8221; width=&#8221;85%&#8221; max_width=&#8221;1300px&#8221; custom_margin=&#8221;0px||0px||false|false&#8221; custom_padding=&#8221;0px||0px||false|false&#8221; global_colors_info=&#8221;{}&#8221;][et_pb_column type=&#8221;1_2&#8243; _builder_version=&#8221;4.16&#8243; _module_preset=&#8221;default&#8221; global_colors_info=&#8221;{}&#8221;][et_pb_text module_class=&#8221;link-effect-white&#8221; _builder_version=&#8221;4.27.4&#8243; _module_preset=&#8221;default&#8221; text_text_color=&#8221;#FFFFFF&#8221; text_font_size=&#8221;16px&#8221; text_line_height=&#8221;1.6em&#8221; link_font=&#8221;|600|||||||&#8221; link_text_color=&#8221;#FFFFFF&#8221; custom_margin=&#8221;45px||5px||false|false&#8221; custom_margin_tablet=&#8221;&#8221; custom_margin_phone=&#8221;0px||5px||false|false&#8221; custom_margin_last_edited=&#8221;on|phone&#8221; locked=&#8221;off&#8221; global_colors_info=&#8221;{}&#8221;]<a href=\"#\">Benvenuto su FABESHOP.IT<\/a>[\/et_pb_text][et_pb_text _builder_version=&#8221;4.27.4&#8243; _module_preset=&#8221;default&#8221; header_3_font=&#8221;|800|||||||&#8221; header_3_text_color=&#8221;#FFFFFF&#8221; header_3_font_size=&#8221;50px&#8221; header_3_line_height=&#8221;1.3em&#8221; custom_margin=&#8221;||5px||false|false&#8221; header_3_font_size_tablet=&#8221;&#8221; header_3_font_size_phone=&#8221;27px&#8221; header_3_font_size_last_edited=&#8221;on|tablet&#8221; global_colors_info=&#8221;{}&#8221;]<\/p>\n<h3>Dichiarazione di<br \/>Accessibilit\u00e0<\/h3>\n<p>[\/et_pb_text][et_pb_text _builder_version=&#8221;4.27.4&#8243; _module_preset=&#8221;default&#8221; text_text_color=&#8221;rgba(255,255,255,0.8)&#8221; text_font_size=&#8221;16px&#8221; text_line_height=&#8221;1.8em&#8221; text_font_size_tablet=&#8221;&#8221; text_font_size_phone=&#8221;14px&#8221; text_font_size_last_edited=&#8221;on|phone&#8221; global_colors_info=&#8221;{}&#8221;]<\/p>\n<p>rif. Direttiva (UE) 2019\/882<\/p>\n<p>[\/et_pb_text][\/et_pb_column][et_pb_column type=&#8221;1_2&#8243; _builder_version=&#8221;4.27.0&#8243; _module_preset=&#8221;default&#8221; global_colors_info=&#8221;{}&#8221;][et_pb_image src=&#8221;https:\/\/fabeshop.it\/ita\/wp-content\/uploads\/2025\/09\/accessibilita-web.png&#8221; align=&#8221;center&#8221; _builder_version=&#8221;4.27.4&#8243; _module_preset=&#8221;default&#8221; width=&#8221;80%&#8221; module_alignment=&#8221;left&#8221; min_height=&#8221;100%&#8221; max_height=&#8221;100%&#8221; global_colors_info=&#8221;{}&#8221;][\/et_pb_image][\/et_pb_column][\/et_pb_row][\/et_pb_section][et_pb_section fb_built=&#8221;1&#8243; _builder_version=&#8221;4.16&#8243; _module_preset=&#8221;default&#8221; custom_padding=&#8221;||0px|||&#8221; global_colors_info=&#8221;{}&#8221;][et_pb_row _builder_version=&#8221;4.27.4&#8243; _module_preset=&#8221;default&#8221; width=&#8221;89%&#8221; max_width=&#8221;1300px&#8221; global_colors_info=&#8221;{}&#8221;][et_pb_column type=&#8221;4_4&#8243; _builder_version=&#8221;4.27.4&#8243; _module_preset=&#8221;default&#8221; global_colors_info=&#8221;{}&#8221;][et_pb_text _builder_version=&#8221;4.27.4&#8243; _module_preset=&#8221;default&#8221; global_colors_info=&#8221;{}&#8221;]<\/p>\n<p style=\"text-align: center;\"><strong>Dichiarazione di Accessibilit\u00e0 rif. Direttiva (UE) 2019\/882<\/strong><\/p>\n<p><strong>Terra Mare Cielo &#8211; Ass. Promozione Sociale, <\/strong>gestore dei contenuti del sito relativo all\u2019indirizzo https:\/\/fabeshop.it, con Partita IVA 05107370289 e C.F. 92277790280, si impegna a garantire la massima accessibilit\u00e0 e inclusivit\u00e0 dei propri contenuti digitali, in coerenza con i principi di pari opportunit\u00e0, non discriminazione e partecipazione attiva delle persone con disabilit\u00e0.<\/p>\n<p style=\"text-align: center;\"><strong>Riferimenti normativi<\/strong><\/p>\n<p>La presente dichiarazione \u00e8 redatta in riferimento alla:<\/p>\n<ul>\n<li><strong>Direttiva (UE) 2019\/882 del Parlamento Europeo e del Consiglio<\/strong>, relativa ai requisiti di accessibilit\u00e0 dei prodotti e dei servizi (European Accessibility Act \u2013 EAA);<\/li>\n<li><strong>Lgs. 82\/2005 \u2013 Codice dell\u2019Amministrazione Digitale<\/strong>, che recepisce nel contesto italiano la normativa europea;<\/li>\n<li><strong>Linee Guida sull\u2019accessibilit\u00e0 degli strumenti informatici <\/strong>pubblicate da <strong>AGID <\/strong>(Agenzia per l\u2019Italia Digitale);<\/li>\n<\/ul>\n<p style=\"text-align: center;\"><strong>Ambito di applicazione e motivazione dell\u2019esenzione<\/strong><\/p>\n<p>Pur svolgendo attivit\u00e0 per le quali la vigente direttiva potrebbe richiedere la conformit\u00e0 dei contenuti ai parametri di accessibilit\u00e0 dalla stessa elencati, la scrivente societ\u00e0 \u00e8 di fatto esentata in applicazione delle esclusioni previste. Nello speci\ufb01co, la societ\u00e0:<\/p>\n<ul>\n<li>non raggiunge la soglia dimensionale prevista per i fornitori soggetti agli obblighi di legge (trattasi di microimpresa ai sensi della <strong>Raccomandazione 2003\/361\/CE<\/strong>);<\/li>\n<li>ha effettuato una valutazione interna da cui \u00e8 risultato che l\u2019adeguamento integrale e immediato ai requisiti tecnici di accessibilit\u00e0 comporterebbe un <strong>onere sproporzionato<\/strong>, in base a quanto previsto dall\u2019art. 14 della Direttiva EAA, tenendo conto delle risorse limitate e del ridotto impatto delle attivit\u00e0 commerciali svolte online.<\/li>\n<\/ul>\n<p style=\"text-align: center;\"><strong>Impegno volontario<\/strong><\/p>\n<p>Nonostante l\u2019assenza di obbligo formale, <strong>la societ\u00e0 riconosce l\u2019importanza dell\u2019accessibilit\u00e0 digitale come valore etico e sociale <\/strong>e adotta progressivamente buone pratiche per migliorare l\u2019usabilit\u00e0 e l\u2019inclusivit\u00e0 dei propri strumenti web.<\/p>\n<p>Ci impegniamo a:<\/p>\n<ul>\n<li>Sempli\ufb01care l&#8217;accesso ai contenuti principali;<\/li>\n<li>Adottare linee guida di progettazione accessibile (es. WCAG 2.1);<\/li>\n<li>Offrire assistenza e alternative su richiesta.<\/li>\n<\/ul>\n<p style=\"text-align: center;\"><strong>Contatti<\/strong><\/p>\n<p>Per segnalare difficolt\u00e0 di accesso, richiedere contenuti alternativi o suggerire miglioramenti, \u00e8 possibile scriverci senza formalit\u00e0 di sorta tramite il modulo o uno dei recapiti presenti sul sito.<\/p>\n<p>[\/et_pb_text][\/et_pb_column][\/et_pb_row][\/et_pb_section]<\/p>\n","protected":false},"excerpt":{"rendered":"<p>Benvenuto su FABESHOP.ITDichiarazione diAccessibilit\u00e0rif. Direttiva (UE) 2019\/882Dichiarazione di Accessibilit\u00e0 rif. Direttiva (UE) 2019\/882 Terra Mare Cielo &#8211; Ass. Promozione Sociale, gestore dei contenuti del sito relativo all\u2019indirizzo https:\/\/fabeshop.it, con Partita IVA 05107370289 e C.F. 92277790280, si impegna a garantire la massima accessibilit\u00e0 e inclusivit\u00e0 dei propri contenuti digitali, in coerenza con i principi di pari [&hellip;]<\/p>\n","protected":false},"author":1,"featured_media":0,"parent":0,"menu_order":0,"comment_status":"closed","ping_status":"closed","template":"","meta":{"_et_pb_use_builder":"on","_et_pb_old_content":"","_et_gb_content_width":"","footnotes":""},"class_list":["post-100752","page","type-page","status-publish","hentry"],"_links":{"self":[{"href":"https:\/\/fabeshop.it\/ita\/wp-json\/wp\/v2\/pages\/100752","targetHints":{"allow":["GET"]}}],"collection":[{"href":"https:\/\/fabeshop.it\/ita\/wp-json\/wp\/v2\/pages"}],"about":[{"href":"https:\/\/fabeshop.it\/ita\/wp-json\/wp\/v2\/types\/page"}],"author":[{"embeddable":true,"href":"https:\/\/fabeshop.it\/ita\/wp-json\/wp\/v2\/users\/1"}],"replies":[{"embeddable":true,"href":"https:\/\/fabeshop.it\/ita\/wp-json\/wp\/v2\/comments?post=100752"}],"version-history":[{"count":7,"href":"https:\/\/fabeshop.it\/ita\/wp-json\/wp\/v2\/pages\/100752\/revisions"}],"predecessor-version":[{"id":101031,"href":"https:\/\/fabeshop.it\/ita\/wp-json\/wp\/v2\/pages\/100752\/revisions\/101031"}],"wp:attachment":[{"href":"https:\/\/fabeshop.it\/ita\/wp-json\/wp\/v2\/media?parent=100752"}],"curies":[{"name":"wp","href":"https:\/\/api.w.org\/{rel}","templated":true}]}}