{"id":100731,"date":"2025-09-07T20:59:34","date_gmt":"2025-09-07T20:59:34","guid":{"rendered":"https:\/\/fabeshop.it\/ita\/?page_id=100731"},"modified":"2026-05-02T17:03:23","modified_gmt":"2026-05-02T17:03:23","slug":"policy-del-sito","status":"publish","type":"page","link":"https:\/\/fabeshop.it\/ita\/policy-del-sito\/","title":{"rendered":"Policy del sito"},"content":{"rendered":"<p>[et_pb_section fb_built=&#8221;1&#8243; custom_padding_last_edited=&#8221;on|phone&#8221; _builder_version=&#8221;4.27.4&#8243; _module_preset=&#8221;default&#8221; use_background_color_gradient=&#8221;on&#8221; background_color_gradient_direction=&#8221;150deg&#8221; background_color_gradient_stops=&#8221;#122657 0%|#4e99e5 100%&#8221; background_color_gradient_start=&#8221;#ff8057&#8243; background_color_gradient_end=&#8221;#ff5c26&#8243; background_enable_mask_style=&#8221;on&#8221; background_mask_style=&#8221;corner-lake&#8221; background_mask_color=&#8221;#4E99E5&#8243; background_mask_transform=&#8221;invert|flip_vertical&#8221; background_mask_size=&#8221;cover&#8221; custom_padding=&#8221;60px||30px||false|false&#8221; custom_padding_tablet=&#8221;&#8221; custom_padding_phone=&#8221;20px||0px||false|false&#8221; custom_css_main_element=&#8221;overflow:hidden;&#8221; box_shadow_style=&#8221;preset3&#8243; global_colors_info=&#8221;{}&#8221;][et_pb_row column_structure=&#8221;1_2,1_2&#8243; make_equal=&#8221;on&#8221; _builder_version=&#8221;4.27.4&#8243; _module_preset=&#8221;default&#8221; width=&#8221;85%&#8221; max_width=&#8221;1300px&#8221; custom_margin=&#8221;0px||0px||false|false&#8221; custom_padding=&#8221;0px||0px||false|false&#8221; global_colors_info=&#8221;{}&#8221;][et_pb_column type=&#8221;1_2&#8243; _builder_version=&#8221;4.16&#8243; _module_preset=&#8221;default&#8221; global_colors_info=&#8221;{}&#8221;][et_pb_text module_class=&#8221;link-effect-white&#8221; _builder_version=&#8221;4.27.4&#8243; _module_preset=&#8221;default&#8221; text_text_color=&#8221;#FFFFFF&#8221; text_font_size=&#8221;16px&#8221; text_line_height=&#8221;1.6em&#8221; link_font=&#8221;|600|||||||&#8221; link_text_color=&#8221;#FFFFFF&#8221; custom_margin=&#8221;45px||5px||false|false&#8221; custom_margin_tablet=&#8221;&#8221; custom_margin_phone=&#8221;0px||5px||false|false&#8221; custom_margin_last_edited=&#8221;on|phone&#8221; locked=&#8221;off&#8221; global_colors_info=&#8221;{}&#8221;]<a href=\"#\">Benvenuto su FABESHOP.IT<\/a>[\/et_pb_text][et_pb_text _builder_version=&#8221;4.27.4&#8243; _module_preset=&#8221;default&#8221; header_3_font=&#8221;|800|||||||&#8221; header_3_text_color=&#8221;#FFFFFF&#8221; header_3_font_size=&#8221;50px&#8221; header_3_line_height=&#8221;1.3em&#8221; custom_margin=&#8221;||5px||false|false&#8221; header_3_font_size_tablet=&#8221;&#8221; header_3_font_size_phone=&#8221;27px&#8221; header_3_font_size_last_edited=&#8221;on|tablet&#8221; global_colors_info=&#8221;{}&#8221;]<\/p>\n<h3>Le nostre Policy:<br \/>Cookie e Privacy<\/h3>\n<p>[\/et_pb_text][et_pb_text _builder_version=&#8221;4.27.4&#8243; _module_preset=&#8221;default&#8221; text_text_color=&#8221;rgba(255,255,255,0.8)&#8221; text_font_size=&#8221;16px&#8221; text_line_height=&#8221;1.8em&#8221; text_font_size_tablet=&#8221;&#8221; text_font_size_phone=&#8221;14px&#8221; text_font_size_last_edited=&#8221;on|phone&#8221; global_colors_info=&#8221;{}&#8221;]Tutela e protezione dei dati[\/et_pb_text][\/et_pb_column][et_pb_column type=&#8221;1_2&#8243; _builder_version=&#8221;4.27.0&#8243; _module_preset=&#8221;default&#8221; global_colors_info=&#8221;{}&#8221;][et_pb_image src=&#8221;https:\/\/fabeshop.it\/ita\/wp-content\/uploads\/2025\/09\/privacy.png&#8221; align=&#8221;center&#8221; _builder_version=&#8221;4.27.4&#8243; _module_preset=&#8221;default&#8221; width=&#8221;80%&#8221; module_alignment=&#8221;left&#8221; min_height=&#8221;100%&#8221; max_height=&#8221;100%&#8221; global_colors_info=&#8221;{}&#8221;][\/et_pb_image][\/et_pb_column][\/et_pb_row][\/et_pb_section][et_pb_section fb_built=&#8221;1&#8243; _builder_version=&#8221;4.16&#8243; _module_preset=&#8221;default&#8221; custom_padding=&#8221;||0px|||&#8221; global_colors_info=&#8221;{}&#8221;][et_pb_row _builder_version=&#8221;4.27.4&#8243; _module_preset=&#8221;default&#8221; width=&#8221;89%&#8221; max_width=&#8221;1300px&#8221; global_colors_info=&#8221;{}&#8221;][et_pb_column type=&#8221;4_4&#8243; _builder_version=&#8221;4.27.4&#8243; _module_preset=&#8221;default&#8221; global_colors_info=&#8221;{}&#8221;][et_pb_text _builder_version=&#8221;4.27.4&#8243; _module_preset=&#8221;default&#8221; global_colors_info=&#8221;{}&#8221;]<\/p>\n<p><strong>Gentile Visitatore ti preghiamo di leggere attentamente la nostra politica sul trattamento dei dati personali, sulla gestione dei cookie e sulla validit\u00e0 delle informazioni riportate nelle pagine del sito<\/strong>.<\/p>\n<p>Riteniamo sia importante la conoscenza delle nostre policy ed i diritti che la legge vigente ti garantisce, soprattutto nel caso in cui tu decidessi di fare acquisti o comunque di navigare all\u2019interno di questo sito internet, pubblicato da Terra Mare Cielo &#8211; Ass. Promozione Sociale, P.IVA. 05107370289 e C.F. 92277790280 \u2013 con sede legale in Padova (PD), via Colotti 2.<\/p>\n<p><strong>Ti ricordiamo infatti che questa informativa \u00e8 resa anche ai sensi del disposto combinato del Regolamento UE 2016\/679 e dell\u2019art 30 del D.Lgs. 196\/03 relativo al \u201cCodice in materia di protezione dei dati personali\u201d<\/strong> ed \u00e8 valida solamente per il presente sito e non per altri siti web presenti sotto forma di link all\u2019interno delle pagine web. I dati personali liberamente conferiti saranno conservati il tempo necessario all\u2019esecuzione delle richieste, per le finalit\u00e0 per cui sono stati raccolti e successivamente trattati, e in ogni caso, entro i limiti dettati dalla legge. Eventuali dati sensibili non saranno ceduti a terzi (esterni alla transazione) senza l\u2019espresso consenso del titolare.<\/p>\n<p>[\/et_pb_text][et_pb_toggle title=&#8221;Diritti dell&#8217;utente&#8221; icon_color=&#8221;#2558AB&#8221; toggle_icon=&#8221;&#xe054;||divi||400&#8243; use_icon_font_size=&#8221;on&#8221; icon_font_size=&#8221;27px&#8221; open_icon_color=&#8221;#2558AB&#8221; open_use_icon_font_size=&#8221;on&#8221; open_icon_font_size=&#8221;27px&#8221; _builder_version=&#8221;4.27.4&#8243; _module_preset=&#8221;default&#8221; global_colors_info=&#8221;{}&#8221;]<\/p>\n<p>L&#8217;utente ha diritto in qualsiasi momento di chiedere la rettifica, la cancellazione, e l\u2019aggiornamento dei propri dati personali. L\u2019utente ha diritto, inoltre a richiedere informazioni circa l\u2019origine dei dati personali, le finalit\u00e0 e il trattamento dei dati personali e la modalit\u00e0 con cui vengono trattati attraverso l\u2019utilizzo di strumenti elettronici. Inoltre pu\u00f2 chiedere informazioni circa il responsabile del trattamento e suoi enti terzi ai quali i dati possono essere comunicati nel rispetto della normativa vigente.<\/p>\n<p>I seguenti recapiti possono essere utilizzati anche per comunicare eventuali variazioni circa le proprie preferenze legate alla sottoscrizione della nostra NewsLetter.<\/p>\n<p>Si ricorda che i diritti di cui sopra posso essere esercitati senza formalit\u00e0 di sorta interpellando il RESPONSABILI DEL TRATTAMENTO DEI DATI c\/o <span>Terra Mare Cielo APS<\/span>, Via Aldo Moro, 3 \u2013 Vigodarzere (PD)<br \/>mail di riferimento : privacy@terramarecielo.it<\/p>\n<p>GESTIONE AUTORIZZAZIONE COOKIE (REVOCA)<\/p>\n<p>Conformemente al disposto del Regolamento UE 2016\/679 l\u2019utente ha il diritto di provvedere in autonomia tramite idonei strumenti alla limitazione selettiva dell\u2019utilizzo dei Cookie durante l\u2019esperienza di navigazione.<\/p>\n<p>Tale diritto pu\u00f2 essere esercitato tramite le funzionalit\u00e0 del proprio browser oppure collegandosi a questo link ed avvalendosi del relativo servizio (ad oggi gratuito) potr\u00e0 personalizzare le sue scelte: https:\/\/www.youronlinechoices.com\/it\/le-tue-scelte<\/p>\n<p>[\/et_pb_toggle][et_pb_toggle title=&#8221;Titolare del trattamento&#8221; icon_color=&#8221;#2558AB&#8221; toggle_icon=&#8221;&#xe054;||divi||400&#8243; use_icon_font_size=&#8221;on&#8221; icon_font_size=&#8221;27px&#8221; open_icon_color=&#8221;#2558AB&#8221; open_use_icon_font_size=&#8221;on&#8221; open_icon_font_size=&#8221;27px&#8221; _builder_version=&#8221;4.27.4&#8243; _module_preset=&#8221;default&#8221; global_colors_info=&#8221;{}&#8221;]<\/p>\n<p>Il titolare del trattamento dei dati personali \u00e8 <span>Terra Mare Cielo APS<\/span>, C.F. 92277790280 e P.IVA 05107370289 con segreteria Via Aldo Moro, 3 \u2013 Vigodarzere (PD). Per ogni informazione aggiuntiva che si desidera ottenere il navigatore di questo sito pu\u00f2 scrivere all\u2019indirizzo e-mail a privacy@terramarecielo.it, pu\u00f2 inviare richieste direttamente presso l\u2019indirizzo della Sede operativa come meglio dettagliato nella label \u201cdiritti dell\u2019utente\u201d di questo box informativo.<\/p>\n<p>FINALITA\u2019 DEL TRATTAMENTO<\/p>\n<p>Per poter effettuare ordini nel sito o richiedere informazioni il navigatore (cliente) dovr\u00e0 necessariamente fornire dei dati obbligatori (che saranno indicati da un asterisco *). Tali dati sono fondamentali per processare l\u2019ordine. La trasmissione di dati aggiuntivi, diversi da quelli contrassegnati dall\u2019asterisco, \u00e8 facoltativa e non comporta conseguenze diverse da quelle che riguardano la finalit\u00e0 principale della raccolta delle informazioni. All\u2019utente ogni qualvolta verr\u00e0 chiesto di fornire dei dati personali verr\u00e0 sottoposta l\u2019informativa della privacy. Generalmente le informazioni personali sono richieste per la corretta evasione dell\u2019ordine, per la sottoscrizione alla ricezione della newsletter, per la comunicazione di eventuali promozioni in atto, per la richiesta di informazioni commerciali o tecniche, per contattare il nostro Servizio Clienti.<\/p>\n<p>[\/et_pb_toggle][et_pb_toggle title=&#8221;Utilizzo dei Cookie&#8221; icon_color=&#8221;#2558AB&#8221; toggle_icon=&#8221;&#xe054;||divi||400&#8243; use_icon_font_size=&#8221;on&#8221; icon_font_size=&#8221;27px&#8221; open_icon_color=&#8221;#2558AB&#8221; open_use_icon_font_size=&#8221;on&#8221; open_icon_font_size=&#8221;27px&#8221; _builder_version=&#8221;4.27.4&#8243; _module_preset=&#8221;default&#8221; global_colors_info=&#8221;{}&#8221;]<\/p>\n<p>Il sito web www.fabeshop.it e tutti i sottodomini relativi, pubblicato da <span>Terra Mare Cielo APS<\/span>, C.F. 92277790280 e P.IVA 05107370289 con segreteria Via Aldo Moro, 3 \u2013 Vigodarzere (PD), titolare dei diritti di utilizzo dell\u2019omonimo progetto, (d\u2019ora in poi considerato per brevit\u00e0 \u201cil Sito\u201d), utilizza i Cookie per rendere i propri servizi semplici e efficienti per l\u2019utenza che visiona le pagine. Gli utenti che visionano il Sito, vedranno inserite delle quantit\u00e0 minime di informazioni nei dispositivi in uso, che siano computer e periferiche mobili, in piccoli file di testo denominati \u201ccookie\u201d salvati nelle directory utilizzate dal browser web dell\u2019Utente. Disabilitando i cookie alcuni dei nostri servizi potrebbero non funzionare correttamente e alcune pagine potrebbero non essere visualizzate correttamente. Vi sono vari tipi di cookie, alcuni per rendere pi\u00f9 efficace l\u2019uso del Sito, altri per abilitare determinate funzionalit\u00e0. Analizzandoli in maniera particolareggiata i cookie utilizzati permettono di:<\/p>\n<p>memorizzare le preferenze inserite<br \/>evitare di reinserire le stesse informazioni pi\u00f9 volte durante la visita (ad esempio nome utente e password, laddove richieste)<br \/>analizzare l\u2019utilizzo dei servizi e dei contenuti forniti dal Sito per ottimizzarne l\u2019esperienza di navigazione e i servizi offerti<\/p>\n<p><strong>Tipologie di Cookie utilizzati dal Sito e finalit\u00e0 specifiche<\/strong><\/p>\n<p>Cookie Tecnici<\/p>\n<p>Questa tipologia di cookie \u00e8 strettamente necessaria al corretto funzionamento di alcune sezioni del Sito. Sono di due categorie: persistenti e di sessione.<\/p>\n<p>persistenti: una volta chiuso il browser non vengono distrutti ma rimangono fino ad una data di scadenza preimpostata<br \/>di sessione: vengono distrutti ogni volta che il browser viene chiuso<br \/>Questi cookie, inviati sempre dal nostro dominio, sono necessari a visualizzare correttamente il sito e in relazione ai servizi tecnici offerti, verranno quindi sempre utilizzati e inviati, a meno che l\u2019utenza non modifichi le impostazioni nel proprio browser (inficiando cos\u00ec la visualizzazione delle pagine del sito).<\/p>\n<p>Cookie analitici<\/p>\n<p>I cookie in questa categoria vengono utilizzati per collezionare informazioni sull\u2019uso del sito. Il Sito utilizzer\u00e0 queste informazioni in merito ad analisi statistiche anonime al fine di migliorare la navigazione e per rendere i contenuti pi\u00f9 interessanti e attinenti ai desideri dell\u2019utenza. Questa tipologia di cookie raccoglie dati in forma anonima sull\u2019attivit\u00e0 dell\u2019utenza e su come \u00e8 arrivata sul Sito. I cookie analitici sono inviati dal Sito Stesso o da domini di terze parti.<\/p>\n<p>Cookie di analisi di servizi di terze parti<\/p>\n<p>Questi cookie sono utilizzati al fine di raccogliere informazioni sull\u2019uso del Sito da parte degli utenti in forma anonima quali: pagine visitate, tempo di permanenza, origini del traffico di provenienza, provenienza geografica, et\u00e0, genere e interessi ai fini di campagne di marketing. Questi cookie sono inviati da domini di terze parti esterni al Sito.<\/p>\n<p>Cookie per integrare prodotti e funzioni di software di terze parti<\/p>\n<p>Questa tipologia di cookie integra funzionalit\u00e0 sviluppate da terzi all\u2019interno delle pagine del Sito come le icone e le preferenze espresse nei social network al fine di condivisione dei contenuti del sito o per l\u2019uso di servizi software di terze parti (come i software per generare le mappe e ulteriori software che offrono servizi aggiuntivi). Questi cookie sono inviati da domini di terze parti e da siti partner che offrono le loro funzionalit\u00e0 tra le pagine del Sito.<\/p>\n<p>Cookie di profilazione<\/p>\n<p>Sono quei cookie necessari a creare profili utenti al fine di inviare messaggi pubblicitari in linea con le preferenze manifestate dall\u2019utente all\u2019interno delle pagine del Sito. In questo Sito non vengono al momento utilizzati cookie di profilazione.<\/p>\n<p>Secondo la normativa vigente per l\u2019utilizzo di cookie tecnici non \u00e8 necessaria alcuna autorizzazione da parte dell\u2019utente, in quanto imprescindibili per\u00a0fornire i servizi richiesti. Per tutte le altre tipologie di cookie il consenso pu\u00f2 essere espresso dall\u2019Utente con una o pi\u00f9 di una delle seguenti modalit\u00e0:<\/p>\n<p>&#8211; Mediante specifiche configurazioni del browser utilizzato o dei relativi programmi informatici utilizzati per navigare le pagine che compongono il Sito.<br \/>&#8211; Mediante modifica delle impostazioni nell\u2019uso dei servizi di terze parti<\/p>\n<p>Entrambe queste soluzioni potrebbero impedire all\u2019utente di utilizzare o visualizzare parti del Sito. Siti Web e servizi di terze parti Il Sito potrebbe contenere collegamenti ad altri siti Web che dispongono di una propria informativa sulla privacy che pu\u00f2 essere diversa da quella adottata da questo sito e che quindi non ne risponde.<\/p>\n<p>Gestione dei cookie<\/p>\n<p>Nel caso in cui dovessero sorgere dubbi o preoccupazioni in merito all\u2019utilizzo dei cookie \u00e8 sempre possibile intervenire per impedirne l\u2019impostazione e la lettura, ad esempio modificando le impostazioni sulla privacy all\u2019interno del browser al fine di bloccarne determinati tipi o utilizzando tool specifici liberamente disponibili.<\/p>\n<p>Quale utile informazione elenchiamo quelli principalmente utilizzabili per la gestione dei cookie di questo sito :<\/p>\n<p>Google : http:\/\/www.google.com\/ads\/preferences\/?hl=it<\/p>\n<p>Facebook : https:\/\/www.facebook.com\/help\/cookies?ref_type=sitefooter<\/p>\n<p>Disabilitazione di Google Analitycs : https:\/\/tools.google.com\/dlpage\/gaoptout\/<\/p>\n<p>Poich\u00e9 ciascun browser \u2013 e spesso diverse versioni dello stesso browser \u2013 differiscono anche sensibilmente le une dalle altre, qualora si preferisca agire autonomamente mediante le preferenze del browser si possono trovare informazioni dettagliate sulle procedure necessarie nella guida del browser stesso.<\/p>\n<p>Per una panoramica delle modalit\u00e0 di azione per i browser pi\u00f9 comuni, pu\u00f2 visitare l\u2019indirizzo:<\/p>\n<p>http:\/\/www.cookiepedia.co.uk\/index.php?title=How_to_Manage_Cookies<\/p>\n<p>Ulteriori informazioni e opzioni per la gestione dei Cookie sono presenti nella label successiva \u201cDiritti dell\u2019utente e gestione Cookie\u201d.<\/p>\n<p>[\/et_pb_toggle][et_pb_toggle title=&#8221;Statistiche del sito&#8221; icon_color=&#8221;#2558AB&#8221; toggle_icon=&#8221;&#xe054;||divi||400&#8243; use_icon_font_size=&#8221;on&#8221; icon_font_size=&#8221;27px&#8221; open_icon_color=&#8221;#2558AB&#8221; open_use_icon_font_size=&#8221;on&#8221; open_icon_font_size=&#8221;27px&#8221; _builder_version=&#8221;4.27.4&#8243; _module_preset=&#8221;default&#8221; global_colors_info=&#8221;{}&#8221;]<\/p>\n<p>Il sito web al presente indirizzo \u00e8 monitorato da un sistema di statistiche che consente di verificare gli accessi al sito. Questo sistema trattiene dati anonimi che non vengono ceduti a terzi e ovviamente non sono oggetto di diffusone. Il sito utilizza i cookies, che memorizzano nel disco fisso del PC delle informazioni per il browser e consentono di ricordare i parametri di alcune ricerche effettuate con lo scopo di velocizzare le ricerche successive. I cookies possono essere eliminati dal disco fisso del PC ogni volta che si desidera, e si pu\u00f2 scegliere di navigare senza di essi, il che, normalmente, non implica il malfunzionamento del sito. In questi casi i cookies non contengono alcuna informazione di carattere personale. Maggiori dettagli sull\u2019argomento sono reperibili nella label specifica di questo stesso box informativo.<\/p>\n<p>[\/et_pb_toggle][et_pb_toggle title=&#8221;Disclaimer&#8221; icon_color=&#8221;#2558AB&#8221; toggle_icon=&#8221;&#xe054;||divi||400&#8243; use_icon_font_size=&#8221;on&#8221; icon_font_size=&#8221;27px&#8221; open_icon_color=&#8221;#2558AB&#8221; open_use_icon_font_size=&#8221;on&#8221; open_icon_font_size=&#8221;27px&#8221; _builder_version=&#8221;4.27.4&#8243; _module_preset=&#8221;default&#8221; global_colors_info=&#8221;{}&#8221;]<\/p>\n<p>Il sito web (associato al dominio fabeshop.it) \u00e8 gestito da <span>Terra Mare Cielo APS<\/span>, C.F. 92277790280 e P.IVA 05107370289 con segreteria Via Aldo Moro, 3 \u2013 Vigodarzere (PD), e-mail service@fabeshop.it e PEC terramarecielo@pec.net.<\/p>\n<p>Lo scopo principale di questo sito \u00e8 informare il pubblico dei prodotti trattati con i marchi FABEITALY, FABESHOP, BEAUTYXAN, PODOMED, SALUSPETAG, concessi in uso non in esclusiva, procedere alla fornitura dei medesimi e di altri articoli, e fornire tutte le informazioni utili a comprenderne spirito ed orientamento, oltre, ovviamente, a soddisfare i requisiti pubblicitari di legge. Nel sito sono inoltre reperibili informazioni, consigli e contenuti ritenuti utili ad agevolare scelte informate e consapevoli nei settori in cui \u00e8 impegnata l&#8217;azienda.<br \/>Tutte le informazioni ed i contenuti ivi presenti, cui l\u2019utente pu\u00f2 accedere liberamente in area pubblica o con le idonee credenziali in area privata, hanno scopo divulgativo e, per quanto aggiornati e verificati, non sono da intendersi sostitutivi delle informazioni degli enti ufficiali di riferimento ovvero professionisti certificati del settore, cui invitiamo a rivolgersi per le verifiche del caso, con particolare riferimento, ma non esclusivo, soprattutto a quanto attiene il comparto salutistico.<\/p>\n<p>Tale limite non \u00e8 una scelta volontaria ma una realt\u00e0 oggettiva conseguente alla tipologia di prodotti trattati.<\/p>\n<p>La societ\u00e0 ed i propri operatori, a tal proposito non potranno quindi essere ritenuti in alcun modo responsabili dell\u2019utilizzo che ciascun utente decider\u00e0 di fare delle informazioni e dei materiali reperibili nel sito n\u00e8 per danni eventualmente subiti in conseguenza della fruizione. Per limitare tale rischio, in ogni caso, la societ\u00e0 \u00e8 sempre a disposizione ai recapiti presenti nel sito, anche in forma gratuita, per fornire ogni utile informazione ad indirizzare l\u2019utente verso gli enti ufficiali di riferimento ovvero professionisti certificati del settore, cui rivolgersi per le necessarie informazioni di specie.<\/p>\n<p>Ogni ulteriore chiarimento pu\u00f2 anche essere richiesto in forma scritta compilando il form sul sito cui seguir\u00e0 un ricontatto nel pi\u00f9 breve tempo possibile!<\/p>\n<p>[\/et_pb_toggle][\/et_pb_column][\/et_pb_row][\/et_pb_section]<\/p>\n","protected":false},"excerpt":{"rendered":"<p>Benvenuto su FABESHOP.ITLe nostre Policy:Cookie e PrivacyTutela e protezione dei datiGentile Visitatore ti preghiamo di leggere attentamente la nostra politica sul trattamento dei dati personali, sulla gestione dei cookie e sulla validit\u00e0 delle informazioni riportate nelle pagine del sito. Riteniamo sia importante la conoscenza delle nostre policy ed i diritti che la legge vigente ti [&hellip;]<\/p>\n","protected":false},"author":1,"featured_media":0,"parent":0,"menu_order":0,"comment_status":"closed","ping_status":"closed","template":"","meta":{"_et_pb_use_builder":"on","_et_pb_old_content":"","_et_gb_content_width":"","footnotes":""},"class_list":["post-100731","page","type-page","status-publish","hentry"],"_links":{"self":[{"href":"https:\/\/fabeshop.it\/ita\/wp-json\/wp\/v2\/pages\/100731","targetHints":{"allow":["GET"]}}],"collection":[{"href":"https:\/\/fabeshop.it\/ita\/wp-json\/wp\/v2\/pages"}],"about":[{"href":"https:\/\/fabeshop.it\/ita\/wp-json\/wp\/v2\/types\/page"}],"author":[{"embeddable":true,"href":"https:\/\/fabeshop.it\/ita\/wp-json\/wp\/v2\/users\/1"}],"replies":[{"embeddable":true,"href":"https:\/\/fabeshop.it\/ita\/wp-json\/wp\/v2\/comments?post=100731"}],"version-history":[{"count":13,"href":"https:\/\/fabeshop.it\/ita\/wp-json\/wp\/v2\/pages\/100731\/revisions"}],"predecessor-version":[{"id":101033,"href":"https:\/\/fabeshop.it\/ita\/wp-json\/wp\/v2\/pages\/100731\/revisions\/101033"}],"wp:attachment":[{"href":"https:\/\/fabeshop.it\/ita\/wp-json\/wp\/v2\/media?parent=100731"}],"curies":[{"name":"wp","href":"https:\/\/api.w.org\/{rel}","templated":true}]}}